{"id":1026,"date":"2019-04-15T14:12:58","date_gmt":"2019-04-15T14:12:58","guid":{"rendered":"https:\/\/residenceserena.be\/a-propos-de-nous\/"},"modified":"2020-07-27T10:12:37","modified_gmt":"2020-07-27T10:12:37","slug":"a-propos-de-nous","status":"publish","type":"page","link":"https:\/\/residenceserena.be\/fr\/a-propos-de-nous\/","title":{"rendered":"\u00c0 propos de nous"},"content":{"rendered":"\n<h1 class=\"wp-block-heading\">Maison de vacances Serena<\/h1>\n\n<div class=\"wp-block-image\"><figure class=\"alignleft is-resized\"><img loading=\"lazy\" decoding=\"async\" src=\"https:\/\/residenceserena.be\/wp-content\/uploads\/2019\/03\/familiefoto.jpg\" alt=\"\" class=\"wp-image-395\" width=\"360\" height=\"480\" srcset=\"https:\/\/residenceserena.be\/wp-content\/uploads\/2019\/03\/familiefoto.jpg 720w, https:\/\/residenceserena.be\/wp-content\/uploads\/2019\/03\/familiefoto-225x300.jpg 225w\" sizes=\"auto, (max-width: 360px) 100vw, 360px\" \/><figcaption>Nous vous accueillerons volontiers dans notre R\u00e9sidence Serena. Soyez les bienvenus et sentez-vous chez vous.\r\nNous esp\u00e9rons \u00e0 bient\u00f4t.\r\nKris, Catherine, Jarno et Louise<\/figcaption><\/figure><\/div>\n\n<p>Le domaine de vacances R\u00e9sidence Serena vous offre la possibilit\u00e9 de vous d\u00e9tendre dans le calme total, entour\u00e9s par la nature et la v\u00e9g\u00e9tation typiques de l\u2019Ombrie.<\/p>\n\n<p>Entour\u00e9 de sentiers naturels et de sentiers de randonn\u00e9e, il dispose \u00e9galement de son propre verger, d&rsquo;un petit bois  et d&rsquo;une petite aire de jeux pour enfants.<\/p>\n\n<p>\u00c0 la \u00ab Casa Vacanza Residence Serena \u00bb, vous pourrez vous d\u00e9tendre dans le jardin pr\u00e8s de la pergola et admirer le coucher de soleil sur les collines ondoyantes en respirant le parfum de la lavande, bref passer des vacances reposantes.<\/p>\n\n<p>Nos h\u00f4tes peuvent se d\u00e9tendre dans la belle piscine et commander un verre au bar en bois. Sur une terrasse sur\u00e9lev\u00e9e, vous pourrez profiter d&rsquo;un hydromassage chaud dans le jacuzzi et, en m\u00eame temps, admirer l&rsquo;incroyable paysage (vue sur le Monte Subasio).<\/p>\n\n<div class=\"wp-block-image\"><figure class=\"alignright\"><img loading=\"lazy\" decoding=\"async\" width=\"480\" height=\"285\" src=\"https:\/\/residenceserena.be\/wp-content\/uploads\/2022\/06\/zwembad-in-verte.jpg\" alt=\"\" class=\"wp-image-142\"><\/figure><\/div>\n\n<div class=\"wp-block-image\"><figure class=\"alignleft\"><img loading=\"lazy\" decoding=\"async\" width=\"480\" height=\"285\" src=\"https:\/\/residenceserena.be\/wp-content\/uploads\/2019\/02\/woning.jpg\" alt=\"\" class=\"wp-image-138\" srcset=\"https:\/\/residenceserena.be\/wp-content\/uploads\/2019\/02\/woning.jpg 480w, https:\/\/residenceserena.be\/wp-content\/uploads\/2019\/02\/woning-300x178.jpg 300w\" sizes=\"auto, (max-width: 480px) 100vw, 480px\" \/><\/figure><\/div>\n","protected":false},"excerpt":{"rendered":"<p>Maison de vacances Serena Le domaine de vacances R\u00e9sidence Serena vous offre la possibilit\u00e9 de vous d\u00e9tendre dans le calme total, entour\u00e9s par la nature et la v\u00e9g\u00e9tation typiques de l\u2019Ombrie. Entour\u00e9 de sentiers naturels et de sentiers de randonn\u00e9e, il dispose \u00e9galement de son propre verger, d&rsquo;un petit bois et d&rsquo;une petite aire de &hellip; <\/p>\n<p class=\"link-more\"><a href=\"https:\/\/residenceserena.be\/fr\/a-propos-de-nous\/\" class=\"more-link\">Continue reading<span class=\"screen-reader-text\"> \u00ab\u00a0\u00c0 propos de nous\u00a0\u00bb<\/span><\/a><\/p>\n","protected":false},"author":1,"featured_media":0,"parent":0,"menu_order":0,"comment_status":"closed","ping_status":"closed","template":"","meta":{"_acf_changed":false,"footnotes":""},"class_list":["post-1026","page","type-page","status-publish","hentry"],"acf":[],"yoast_head":"<!-- This site is optimized with the Yoast SEO plugin v27.4 - https:\/\/yoast.com\/product\/yoast-seo-wordpress\/ -->\n<title>\u00c0 propos de nous - Residence Serena<\/title>\n<meta name=\"robots\" content=\"index, follow, max-snippet:-1, max-image-preview:large, max-video-preview:-1\" \/>\n<link rel=\"canonical\" href=\"https:\/\/residenceserena.be\/fr\/a-propos-de-nous\/\" \/>\n<meta property=\"og:locale\" content=\"fr_FR\" \/>\n<meta property=\"og:type\" content=\"article\" \/>\n<meta property=\"og:title\" content=\"\u00c0 propos de nous - Residence Serena\" \/>\n<meta property=\"og:description\" content=\"Maison de vacances Serena Le domaine de vacances R\u00e9sidence Serena vous offre la possibilit\u00e9 de vous d\u00e9tendre dans le calme total, entour\u00e9s par la nature et la v\u00e9g\u00e9tation typiques de l\u2019Ombrie. Entour\u00e9 de sentiers naturels et de sentiers de randonn\u00e9e, il dispose \u00e9galement de son propre verger, d&rsquo;un petit bois et d&rsquo;une petite aire de &hellip; Continue reading &quot;\u00c0 propos de nous&quot;\" \/>\n<meta property=\"og:url\" content=\"https:\/\/residenceserena.be\/fr\/a-propos-de-nous\/\" \/>\n<meta property=\"og:site_name\" content=\"Residence Serena\" \/>\n<meta property=\"article:modified_time\" content=\"2020-07-27T10:12:37+00:00\" \/>\n<meta property=\"og:image\" content=\"https:\/\/residenceserena.be\/wp-content\/uploads\/2019\/03\/familiefoto.jpg\" \/>\n<meta name=\"twitter:card\" content=\"summary_large_image\" \/>\n<meta name=\"twitter:label1\" content=\"Dur\u00e9e de lecture estim\u00e9e\" \/>\n\t<meta name=\"twitter:data1\" content=\"1 minute\" \/>\n<script type=\"application\/ld+json\" class=\"yoast-schema-graph\">{\"@context\":\"https:\\\/\\\/schema.org\",\"@graph\":[{\"@type\":\"WebPage\",\"@id\":\"https:\\\/\\\/residenceserena.be\\\/fr\\\/a-propos-de-nous\\\/\",\"url\":\"https:\\\/\\\/residenceserena.be\\\/fr\\\/a-propos-de-nous\\\/\",\"name\":\"\u00c0 propos de nous - Residence Serena\",\"isPartOf\":{\"@id\":\"https:\\\/\\\/residenceserena.be\\\/fr\\\/#website\"},\"primaryImageOfPage\":{\"@id\":\"https:\\\/\\\/residenceserena.be\\\/fr\\\/a-propos-de-nous\\\/#primaryimage\"},\"image\":{\"@id\":\"https:\\\/\\\/residenceserena.be\\\/fr\\\/a-propos-de-nous\\\/#primaryimage\"},\"thumbnailUrl\":\"https:\\\/\\\/residenceserena.be\\\/wp-content\\\/uploads\\\/2019\\\/03\\\/familiefoto.jpg\",\"datePublished\":\"2019-04-15T14:12:58+00:00\",\"dateModified\":\"2020-07-27T10:12:37+00:00\",\"breadcrumb\":{\"@id\":\"https:\\\/\\\/residenceserena.be\\\/fr\\\/a-propos-de-nous\\\/#breadcrumb\"},\"inLanguage\":\"fr-FR\",\"potentialAction\":[{\"@type\":\"ReadAction\",\"target\":[\"https:\\\/\\\/residenceserena.be\\\/fr\\\/a-propos-de-nous\\\/\"]}]},{\"@type\":\"ImageObject\",\"inLanguage\":\"fr-FR\",\"@id\":\"https:\\\/\\\/residenceserena.be\\\/fr\\\/a-propos-de-nous\\\/#primaryimage\",\"url\":\"https:\\\/\\\/residenceserena.be\\\/wp-content\\\/uploads\\\/2019\\\/03\\\/familiefoto.jpg\",\"contentUrl\":\"https:\\\/\\\/residenceserena.be\\\/wp-content\\\/uploads\\\/2019\\\/03\\\/familiefoto.jpg\"},{\"@type\":\"BreadcrumbList\",\"@id\":\"https:\\\/\\\/residenceserena.be\\\/fr\\\/a-propos-de-nous\\\/#breadcrumb\",\"itemListElement\":[{\"@type\":\"ListItem\",\"position\":1,\"name\":\"Home\",\"item\":\"https:\\\/\\\/residenceserena.be\\\/fr\\\/\"},{\"@type\":\"ListItem\",\"position\":2,\"name\":\"\u00c0 propos de nous\"}]},{\"@type\":\"WebSite\",\"@id\":\"https:\\\/\\\/residenceserena.be\\\/fr\\\/#website\",\"url\":\"https:\\\/\\\/residenceserena.be\\\/fr\\\/\",\"name\":\"Residence Serena\",\"description\":\"Een oase van rust in het centrum van Umbri&euml;\",\"publisher\":{\"@id\":\"https:\\\/\\\/residenceserena.be\\\/fr\\\/#organization\"},\"potentialAction\":[{\"@type\":\"SearchAction\",\"target\":{\"@type\":\"EntryPoint\",\"urlTemplate\":\"https:\\\/\\\/residenceserena.be\\\/fr\\\/?s={search_term_string}\"},\"query-input\":{\"@type\":\"PropertyValueSpecification\",\"valueRequired\":true,\"valueName\":\"search_term_string\"}}],\"inLanguage\":\"fr-FR\"},{\"@type\":\"Organization\",\"@id\":\"https:\\\/\\\/residenceserena.be\\\/fr\\\/#organization\",\"name\":\"Residence Serena\",\"url\":\"https:\\\/\\\/residenceserena.be\\\/fr\\\/\",\"logo\":{\"@type\":\"ImageObject\",\"inLanguage\":\"fr-FR\",\"@id\":\"https:\\\/\\\/residenceserena.be\\\/fr\\\/#\\\/schema\\\/logo\\\/image\\\/\",\"url\":\"https:\\\/\\\/residenceserena.be\\\/wp-content\\\/uploads\\\/2019\\\/02\\\/logo.png\",\"contentUrl\":\"https:\\\/\\\/residenceserena.be\\\/wp-content\\\/uploads\\\/2019\\\/02\\\/logo.png\",\"width\":341,\"height\":33,\"caption\":\"Residence Serena\"},\"image\":{\"@id\":\"https:\\\/\\\/residenceserena.be\\\/fr\\\/#\\\/schema\\\/logo\\\/image\\\/\"}}]}<\/script>\n<!-- \/ Yoast SEO plugin. -->","yoast_head_json":{"title":"\u00c0 propos de nous - Residence Serena","robots":{"index":"index","follow":"follow","max-snippet":"max-snippet:-1","max-image-preview":"max-image-preview:large","max-video-preview":"max-video-preview:-1"},"canonical":"https:\/\/residenceserena.be\/fr\/a-propos-de-nous\/","og_locale":"fr_FR","og_type":"article","og_title":"\u00c0 propos de nous - Residence Serena","og_description":"Maison de vacances Serena Le domaine de vacances R\u00e9sidence Serena vous offre la possibilit\u00e9 de vous d\u00e9tendre dans le calme total, entour\u00e9s par la nature et la v\u00e9g\u00e9tation typiques de l\u2019Ombrie. Entour\u00e9 de sentiers naturels et de sentiers de randonn\u00e9e, il dispose \u00e9galement de son propre verger, d&rsquo;un petit bois et d&rsquo;une petite aire de &hellip; Continue reading \"\u00c0 propos de nous\"","og_url":"https:\/\/residenceserena.be\/fr\/a-propos-de-nous\/","og_site_name":"Residence Serena","article_modified_time":"2020-07-27T10:12:37+00:00","og_image":[{"url":"https:\/\/residenceserena.be\/wp-content\/uploads\/2019\/03\/familiefoto.jpg","type":"","width":"","height":""}],"twitter_card":"summary_large_image","twitter_misc":{"Dur\u00e9e de lecture estim\u00e9e":"1 minute"},"schema":{"@context":"https:\/\/schema.org","@graph":[{"@type":"WebPage","@id":"https:\/\/residenceserena.be\/fr\/a-propos-de-nous\/","url":"https:\/\/residenceserena.be\/fr\/a-propos-de-nous\/","name":"\u00c0 propos de nous - Residence Serena","isPartOf":{"@id":"https:\/\/residenceserena.be\/fr\/#website"},"primaryImageOfPage":{"@id":"https:\/\/residenceserena.be\/fr\/a-propos-de-nous\/#primaryimage"},"image":{"@id":"https:\/\/residenceserena.be\/fr\/a-propos-de-nous\/#primaryimage"},"thumbnailUrl":"https:\/\/residenceserena.be\/wp-content\/uploads\/2019\/03\/familiefoto.jpg","datePublished":"2019-04-15T14:12:58+00:00","dateModified":"2020-07-27T10:12:37+00:00","breadcrumb":{"@id":"https:\/\/residenceserena.be\/fr\/a-propos-de-nous\/#breadcrumb"},"inLanguage":"fr-FR","potentialAction":[{"@type":"ReadAction","target":["https:\/\/residenceserena.be\/fr\/a-propos-de-nous\/"]}]},{"@type":"ImageObject","inLanguage":"fr-FR","@id":"https:\/\/residenceserena.be\/fr\/a-propos-de-nous\/#primaryimage","url":"https:\/\/residenceserena.be\/wp-content\/uploads\/2019\/03\/familiefoto.jpg","contentUrl":"https:\/\/residenceserena.be\/wp-content\/uploads\/2019\/03\/familiefoto.jpg"},{"@type":"BreadcrumbList","@id":"https:\/\/residenceserena.be\/fr\/a-propos-de-nous\/#breadcrumb","itemListElement":[{"@type":"ListItem","position":1,"name":"Home","item":"https:\/\/residenceserena.be\/fr\/"},{"@type":"ListItem","position":2,"name":"\u00c0 propos de nous"}]},{"@type":"WebSite","@id":"https:\/\/residenceserena.be\/fr\/#website","url":"https:\/\/residenceserena.be\/fr\/","name":"Residence Serena","description":"Een oase van rust in het centrum van Umbri&euml;","publisher":{"@id":"https:\/\/residenceserena.be\/fr\/#organization"},"potentialAction":[{"@type":"SearchAction","target":{"@type":"EntryPoint","urlTemplate":"https:\/\/residenceserena.be\/fr\/?s={search_term_string}"},"query-input":{"@type":"PropertyValueSpecification","valueRequired":true,"valueName":"search_term_string"}}],"inLanguage":"fr-FR"},{"@type":"Organization","@id":"https:\/\/residenceserena.be\/fr\/#organization","name":"Residence Serena","url":"https:\/\/residenceserena.be\/fr\/","logo":{"@type":"ImageObject","inLanguage":"fr-FR","@id":"https:\/\/residenceserena.be\/fr\/#\/schema\/logo\/image\/","url":"https:\/\/residenceserena.be\/wp-content\/uploads\/2019\/02\/logo.png","contentUrl":"https:\/\/residenceserena.be\/wp-content\/uploads\/2019\/02\/logo.png","width":341,"height":33,"caption":"Residence Serena"},"image":{"@id":"https:\/\/residenceserena.be\/fr\/#\/schema\/logo\/image\/"}}]}},"_links":{"self":[{"href":"https:\/\/residenceserena.be\/fr\/wp-json\/wp\/v2\/pages\/1026","targetHints":{"allow":["GET"]}}],"collection":[{"href":"https:\/\/residenceserena.be\/fr\/wp-json\/wp\/v2\/pages"}],"about":[{"href":"https:\/\/residenceserena.be\/fr\/wp-json\/wp\/v2\/types\/page"}],"author":[{"embeddable":true,"href":"https:\/\/residenceserena.be\/fr\/wp-json\/wp\/v2\/users\/1"}],"replies":[{"embeddable":true,"href":"https:\/\/residenceserena.be\/fr\/wp-json\/wp\/v2\/comments?post=1026"}],"version-history":[{"count":4,"href":"https:\/\/residenceserena.be\/fr\/wp-json\/wp\/v2\/pages\/1026\/revisions"}],"predecessor-version":[{"id":2136,"href":"https:\/\/residenceserena.be\/fr\/wp-json\/wp\/v2\/pages\/1026\/revisions\/2136"}],"wp:attachment":[{"href":"https:\/\/residenceserena.be\/fr\/wp-json\/wp\/v2\/media?parent=1026"}],"curies":[{"name":"wp","href":"https:\/\/api.w.org\/{rel}","templated":true}]}}