{"id":1786,"date":"2019-02-19T05:36:17","date_gmt":"2019-02-19T05:36:17","guid":{"rendered":"https:\/\/residenceserena.be\/wie-zijn-we\/"},"modified":"2020-07-27T10:12:37","modified_gmt":"2020-07-27T10:12:37","slug":"wer-sind-wir","status":"publish","type":"page","link":"https:\/\/residenceserena.be\/de\/wer-sind-wir\/","title":{"rendered":"Wer sind wir?"},"content":{"rendered":"\n<h1 class=\"wp-block-heading\">Ferienpark Residenz Serena<\/h1>\n\n<div class=\"wp-block-image\"><figure class=\"alignleft is-resized\"><img loading=\"lazy\" decoding=\"async\" src=\"https:\/\/residenceserena.be\/wp-content\/uploads\/2019\/03\/familiefoto.jpg\" alt=\"\" class=\"wp-image-395\" width=\"360\" height=\"480\" srcset=\"https:\/\/residenceserena.be\/wp-content\/uploads\/2019\/03\/familiefoto.jpg 720w, https:\/\/residenceserena.be\/wp-content\/uploads\/2019\/03\/familiefoto-225x300.jpg 225w\" sizes=\"auto, (max-width: 360px) 100vw, 360px\" \/><figcaption>Wir m\u00f6chten Ihnen gerne in unserer Residenz Serena einen herzlichen Empfang bereiten. Herzlich willkommen und f\u00fchlen Sie sich wie zu Hause.\r\nGerne bis bald.\r\nKris, Catherine, Jarno und Louise<\/figcaption><\/figure><\/div>\n\n<p>Der Ferienpark Residenz Serena gibt Ihnen die M\u00f6glichkeit, in aller Ruhe zu erholen, umzogen von der typisch Umbrischen Natur und Vegetation.<\/p>\n\n<p>Umschlossen von Wanderwegen und Spazierwegen hat die Residenz Serena auch einen eigenen Baumgarten, ein kleines St\u00fcck Wald und einen Spielgarten f\u00fcr Kinder.<\/p>\n\n<p>Zur Casa Vacanca Residence Serena k\u00f6nnen Sie Erholungsaugenblicke in der N\u00e4he einer Pergola im Garten genie\u00dfen. Dar\u00fcber hinaus k\u00f6nnen Sie den Sonnenuntergang \u00fcber der h\u00fcgeligen Landschaft genie\u00dfen und Sie k\u00f6nnen auch den Duft des Lavendels einatmen. Kurzum, Sie erleben hier einen Urlaub mit  Erholung auf ganzer Linie.<\/p>\n\n<p>Unsere G\u00e4ste k\u00f6nnen sich in unserem fabelhaften Freibad erholen und ein Getr\u00e4nk an der h\u00f6lzernen Bar bestellen. Auf einer erh\u00f6hten Terrasse k\u00f6nnen Sie eine warme Hydromassage  genie\u00dfen und inzwischen die unvorstellbare Landschaft bewundern ( Aussicht auf Monte Subasio).<\/p>\n\n<div class=\"wp-block-image\"><figure class=\"alignright\"><img loading=\"lazy\" decoding=\"async\" width=\"480\" height=\"285\" src=\"https:\/\/residenceserena.be\/wp-content\/uploads\/2022\/06\/zwembad-in-verte.jpg\" alt=\"\" class=\"wp-image-142\"><\/figure><\/div>\n\n<div class=\"wp-block-image\"><figure class=\"alignleft\"><img loading=\"lazy\" decoding=\"async\" width=\"480\" height=\"285\" src=\"https:\/\/residenceserena.be\/wp-content\/uploads\/2019\/02\/woning.jpg\" alt=\"\" class=\"wp-image-138\" srcset=\"https:\/\/residenceserena.be\/wp-content\/uploads\/2019\/02\/woning.jpg 480w, https:\/\/residenceserena.be\/wp-content\/uploads\/2019\/02\/woning-300x178.jpg 300w\" sizes=\"auto, (max-width: 480px) 100vw, 480px\" \/><\/figure><\/div>\n","protected":false},"excerpt":{"rendered":"<p>Ferienpark Residenz Serena Der Ferienpark Residenz Serena gibt Ihnen die M\u00f6glichkeit, in aller Ruhe zu erholen, umzogen von der typisch Umbrischen Natur und Vegetation. Umschlossen von Wanderwegen und Spazierwegen hat die Residenz Serena auch einen eigenen Baumgarten, ein kleines St\u00fcck Wald und einen Spielgarten f\u00fcr Kinder. Zur Casa Vacanca Residence Serena k\u00f6nnen Sie Erholungsaugenblicke in &hellip; <\/p>\n<p class=\"link-more\"><a href=\"https:\/\/residenceserena.be\/de\/wer-sind-wir\/\" class=\"more-link\">Continue reading<span class=\"screen-reader-text\"> &#8222;Wer sind wir?&#8220;<\/span><\/a><\/p>\n","protected":false},"author":1,"featured_media":0,"parent":0,"menu_order":0,"comment_status":"closed","ping_status":"closed","template":"","meta":{"_acf_changed":false,"footnotes":""},"class_list":["post-1786","page","type-page","status-publish","hentry"],"acf":[],"yoast_head":"<!-- This site is optimized with the Yoast SEO plugin v27.4 - https:\/\/yoast.com\/product\/yoast-seo-wordpress\/ -->\n<title>Wer sind wir? - Residence Serena<\/title>\n<meta name=\"robots\" content=\"index, follow, max-snippet:-1, max-image-preview:large, max-video-preview:-1\" \/>\n<link rel=\"canonical\" href=\"https:\/\/residenceserena.be\/de\/wer-sind-wir\/\" \/>\n<meta property=\"og:locale\" content=\"de_DE\" \/>\n<meta property=\"og:type\" content=\"article\" \/>\n<meta property=\"og:title\" content=\"Wer sind wir? - Residence Serena\" \/>\n<meta property=\"og:description\" content=\"Ferienpark Residenz Serena Der Ferienpark Residenz Serena gibt Ihnen die M\u00f6glichkeit, in aller Ruhe zu erholen, umzogen von der typisch Umbrischen Natur und Vegetation. Umschlossen von Wanderwegen und Spazierwegen hat die Residenz Serena auch einen eigenen Baumgarten, ein kleines St\u00fcck Wald und einen Spielgarten f\u00fcr Kinder. Zur Casa Vacanca Residence Serena k\u00f6nnen Sie Erholungsaugenblicke in &hellip; Continue reading &quot;Wer sind wir?&quot;\" \/>\n<meta property=\"og:url\" content=\"https:\/\/residenceserena.be\/de\/wer-sind-wir\/\" \/>\n<meta property=\"og:site_name\" content=\"Residence Serena\" \/>\n<meta property=\"article:modified_time\" content=\"2020-07-27T10:12:37+00:00\" \/>\n<meta property=\"og:image\" content=\"https:\/\/residenceserena.be\/wp-content\/uploads\/2019\/03\/familiefoto.jpg\" \/>\n<meta name=\"twitter:card\" content=\"summary_large_image\" \/>\n<meta name=\"twitter:label1\" content=\"Gesch\u00e4tzte Lesezeit\" \/>\n\t<meta name=\"twitter:data1\" content=\"1\u00a0Minute\" \/>\n<script type=\"application\/ld+json\" class=\"yoast-schema-graph\">{\"@context\":\"https:\\\/\\\/schema.org\",\"@graph\":[{\"@type\":\"WebPage\",\"@id\":\"https:\\\/\\\/residenceserena.be\\\/de\\\/wer-sind-wir\\\/\",\"url\":\"https:\\\/\\\/residenceserena.be\\\/de\\\/wer-sind-wir\\\/\",\"name\":\"Wer sind wir? - Residence Serena\",\"isPartOf\":{\"@id\":\"https:\\\/\\\/residenceserena.be\\\/de\\\/#website\"},\"primaryImageOfPage\":{\"@id\":\"https:\\\/\\\/residenceserena.be\\\/de\\\/wer-sind-wir\\\/#primaryimage\"},\"image\":{\"@id\":\"https:\\\/\\\/residenceserena.be\\\/de\\\/wer-sind-wir\\\/#primaryimage\"},\"thumbnailUrl\":\"https:\\\/\\\/residenceserena.be\\\/wp-content\\\/uploads\\\/2019\\\/03\\\/familiefoto.jpg\",\"datePublished\":\"2019-02-19T05:36:17+00:00\",\"dateModified\":\"2020-07-27T10:12:37+00:00\",\"breadcrumb\":{\"@id\":\"https:\\\/\\\/residenceserena.be\\\/de\\\/wer-sind-wir\\\/#breadcrumb\"},\"inLanguage\":\"de\",\"potentialAction\":[{\"@type\":\"ReadAction\",\"target\":[\"https:\\\/\\\/residenceserena.be\\\/de\\\/wer-sind-wir\\\/\"]}]},{\"@type\":\"ImageObject\",\"inLanguage\":\"de\",\"@id\":\"https:\\\/\\\/residenceserena.be\\\/de\\\/wer-sind-wir\\\/#primaryimage\",\"url\":\"https:\\\/\\\/residenceserena.be\\\/wp-content\\\/uploads\\\/2019\\\/03\\\/familiefoto.jpg\",\"contentUrl\":\"https:\\\/\\\/residenceserena.be\\\/wp-content\\\/uploads\\\/2019\\\/03\\\/familiefoto.jpg\"},{\"@type\":\"BreadcrumbList\",\"@id\":\"https:\\\/\\\/residenceserena.be\\\/de\\\/wer-sind-wir\\\/#breadcrumb\",\"itemListElement\":[{\"@type\":\"ListItem\",\"position\":1,\"name\":\"Home\",\"item\":\"https:\\\/\\\/residenceserena.be\\\/de\\\/\"},{\"@type\":\"ListItem\",\"position\":2,\"name\":\"Wer sind wir?\"}]},{\"@type\":\"WebSite\",\"@id\":\"https:\\\/\\\/residenceserena.be\\\/de\\\/#website\",\"url\":\"https:\\\/\\\/residenceserena.be\\\/de\\\/\",\"name\":\"Residence Serena\",\"description\":\"Een oase van rust in het centrum van Umbri&euml;\",\"publisher\":{\"@id\":\"https:\\\/\\\/residenceserena.be\\\/de\\\/#organization\"},\"potentialAction\":[{\"@type\":\"SearchAction\",\"target\":{\"@type\":\"EntryPoint\",\"urlTemplate\":\"https:\\\/\\\/residenceserena.be\\\/de\\\/?s={search_term_string}\"},\"query-input\":{\"@type\":\"PropertyValueSpecification\",\"valueRequired\":true,\"valueName\":\"search_term_string\"}}],\"inLanguage\":\"de\"},{\"@type\":\"Organization\",\"@id\":\"https:\\\/\\\/residenceserena.be\\\/de\\\/#organization\",\"name\":\"Residence Serena\",\"url\":\"https:\\\/\\\/residenceserena.be\\\/de\\\/\",\"logo\":{\"@type\":\"ImageObject\",\"inLanguage\":\"de\",\"@id\":\"https:\\\/\\\/residenceserena.be\\\/de\\\/#\\\/schema\\\/logo\\\/image\\\/\",\"url\":\"https:\\\/\\\/residenceserena.be\\\/wp-content\\\/uploads\\\/2019\\\/02\\\/logo.png\",\"contentUrl\":\"https:\\\/\\\/residenceserena.be\\\/wp-content\\\/uploads\\\/2019\\\/02\\\/logo.png\",\"width\":341,\"height\":33,\"caption\":\"Residence Serena\"},\"image\":{\"@id\":\"https:\\\/\\\/residenceserena.be\\\/de\\\/#\\\/schema\\\/logo\\\/image\\\/\"}}]}<\/script>\n<!-- \/ Yoast SEO plugin. -->","yoast_head_json":{"title":"Wer sind wir? - Residence Serena","robots":{"index":"index","follow":"follow","max-snippet":"max-snippet:-1","max-image-preview":"max-image-preview:large","max-video-preview":"max-video-preview:-1"},"canonical":"https:\/\/residenceserena.be\/de\/wer-sind-wir\/","og_locale":"de_DE","og_type":"article","og_title":"Wer sind wir? - Residence Serena","og_description":"Ferienpark Residenz Serena Der Ferienpark Residenz Serena gibt Ihnen die M\u00f6glichkeit, in aller Ruhe zu erholen, umzogen von der typisch Umbrischen Natur und Vegetation. Umschlossen von Wanderwegen und Spazierwegen hat die Residenz Serena auch einen eigenen Baumgarten, ein kleines St\u00fcck Wald und einen Spielgarten f\u00fcr Kinder. Zur Casa Vacanca Residence Serena k\u00f6nnen Sie Erholungsaugenblicke in &hellip; Continue reading \"Wer sind wir?\"","og_url":"https:\/\/residenceserena.be\/de\/wer-sind-wir\/","og_site_name":"Residence Serena","article_modified_time":"2020-07-27T10:12:37+00:00","og_image":[{"url":"https:\/\/residenceserena.be\/wp-content\/uploads\/2019\/03\/familiefoto.jpg","type":"","width":"","height":""}],"twitter_card":"summary_large_image","twitter_misc":{"Gesch\u00e4tzte Lesezeit":"1\u00a0Minute"},"schema":{"@context":"https:\/\/schema.org","@graph":[{"@type":"WebPage","@id":"https:\/\/residenceserena.be\/de\/wer-sind-wir\/","url":"https:\/\/residenceserena.be\/de\/wer-sind-wir\/","name":"Wer sind wir? - Residence Serena","isPartOf":{"@id":"https:\/\/residenceserena.be\/de\/#website"},"primaryImageOfPage":{"@id":"https:\/\/residenceserena.be\/de\/wer-sind-wir\/#primaryimage"},"image":{"@id":"https:\/\/residenceserena.be\/de\/wer-sind-wir\/#primaryimage"},"thumbnailUrl":"https:\/\/residenceserena.be\/wp-content\/uploads\/2019\/03\/familiefoto.jpg","datePublished":"2019-02-19T05:36:17+00:00","dateModified":"2020-07-27T10:12:37+00:00","breadcrumb":{"@id":"https:\/\/residenceserena.be\/de\/wer-sind-wir\/#breadcrumb"},"inLanguage":"de","potentialAction":[{"@type":"ReadAction","target":["https:\/\/residenceserena.be\/de\/wer-sind-wir\/"]}]},{"@type":"ImageObject","inLanguage":"de","@id":"https:\/\/residenceserena.be\/de\/wer-sind-wir\/#primaryimage","url":"https:\/\/residenceserena.be\/wp-content\/uploads\/2019\/03\/familiefoto.jpg","contentUrl":"https:\/\/residenceserena.be\/wp-content\/uploads\/2019\/03\/familiefoto.jpg"},{"@type":"BreadcrumbList","@id":"https:\/\/residenceserena.be\/de\/wer-sind-wir\/#breadcrumb","itemListElement":[{"@type":"ListItem","position":1,"name":"Home","item":"https:\/\/residenceserena.be\/de\/"},{"@type":"ListItem","position":2,"name":"Wer sind wir?"}]},{"@type":"WebSite","@id":"https:\/\/residenceserena.be\/de\/#website","url":"https:\/\/residenceserena.be\/de\/","name":"Residence Serena","description":"Een oase van rust in het centrum van Umbri&euml;","publisher":{"@id":"https:\/\/residenceserena.be\/de\/#organization"},"potentialAction":[{"@type":"SearchAction","target":{"@type":"EntryPoint","urlTemplate":"https:\/\/residenceserena.be\/de\/?s={search_term_string}"},"query-input":{"@type":"PropertyValueSpecification","valueRequired":true,"valueName":"search_term_string"}}],"inLanguage":"de"},{"@type":"Organization","@id":"https:\/\/residenceserena.be\/de\/#organization","name":"Residence Serena","url":"https:\/\/residenceserena.be\/de\/","logo":{"@type":"ImageObject","inLanguage":"de","@id":"https:\/\/residenceserena.be\/de\/#\/schema\/logo\/image\/","url":"https:\/\/residenceserena.be\/wp-content\/uploads\/2019\/02\/logo.png","contentUrl":"https:\/\/residenceserena.be\/wp-content\/uploads\/2019\/02\/logo.png","width":341,"height":33,"caption":"Residence Serena"},"image":{"@id":"https:\/\/residenceserena.be\/de\/#\/schema\/logo\/image\/"}}]}},"_links":{"self":[{"href":"https:\/\/residenceserena.be\/de\/wp-json\/wp\/v2\/pages\/1786","targetHints":{"allow":["GET"]}}],"collection":[{"href":"https:\/\/residenceserena.be\/de\/wp-json\/wp\/v2\/pages"}],"about":[{"href":"https:\/\/residenceserena.be\/de\/wp-json\/wp\/v2\/types\/page"}],"author":[{"embeddable":true,"href":"https:\/\/residenceserena.be\/de\/wp-json\/wp\/v2\/users\/1"}],"replies":[{"embeddable":true,"href":"https:\/\/residenceserena.be\/de\/wp-json\/wp\/v2\/comments?post=1786"}],"version-history":[{"count":8,"href":"https:\/\/residenceserena.be\/de\/wp-json\/wp\/v2\/pages\/1786\/revisions"}],"predecessor-version":[{"id":2137,"href":"https:\/\/residenceserena.be\/de\/wp-json\/wp\/v2\/pages\/1786\/revisions\/2137"}],"wp:attachment":[{"href":"https:\/\/residenceserena.be\/de\/wp-json\/wp\/v2\/media?parent=1786"}],"curies":[{"name":"wp","href":"https:\/\/api.w.org\/{rel}","templated":true}]}}